{"id":618,"date":"2013-07-09T06:56:25","date_gmt":"2013-07-09T05:56:25","guid":{"rendered":"http:\/\/johnspek.nl\/?page_id=618"},"modified":"2014-10-07T10:29:17","modified_gmt":"2014-10-07T09:29:17","slug":"gedichten","status":"publish","type":"page","link":"https:\/\/johnspek.nl\/fr\/gedichten\/","title":{"rendered":"Gedichten"},"content":{"rendered":"<p>In dit album treft u een aantal gedichten aan van de stadsdichter van Harderwijk Michel Martinus en van mijzelf die\u00a0geschreven zijn naar aanleiding van het ontstaan van een aantal sculpturen.<\/p>\n<table border=\"0\" width=\"100%\" cellspacing=\"5\" cellpadding=\"5\">\n<tbody>\n<tr>\n<td valign=\"top\" width=\"350\"><img loading=\"lazy\" decoding=\"async\" class=\"size-medium wp-image-646 alignnone\" src=\"http:\/\/johnspek.nl\/wp-content\/uploads\/2013\/07\/Embrasse_brons_2012-225x300.jpg\" alt=\"Embrasse_brons_2012\" width=\"225\" height=\"300\" srcset=\"https:\/\/johnspek.nl\/wp-content\/uploads\/2013\/07\/Embrasse_brons_2012-225x300.jpg 225w, https:\/\/johnspek.nl\/wp-content\/uploads\/2013\/07\/Embrasse_brons_2012.jpg 600w\" sizes=\"auto, (max-width: 225px) 100vw, 225px\" \/><\/td>\n<td valign=\"top\"><strong>Embrasse<\/strong><\/p>\n<p>Geboren v\u00f3\u00f3r het licht, uit een zachte bries van<br \/>\nLiefde, nooit was ik \u00e9\u00e9n, altijd alleen, toen droomde<br \/>\nik jou, jij mij tot wij elkaar in onze armen en<br \/>\ndromen sloten, wij \u00e9\u00e9n in het landschap<br \/>\nvan nooit meer alleen.<br \/>\nDe omarming voltooid, in het<br \/>\nopkomende licht van elke<br \/>\nnieuwe dag,<br \/>\nsamen.<\/td>\n<\/tr>\n<tr>\n<td valign=\"top\" width=\"350\"><img loading=\"lazy\" decoding=\"async\" class=\"alignleft  wp-image-420\" style=\"margin-right: 20px;\" src=\"http:\/\/johnspek.nl\/wp-content\/uploads\/2013\/07\/octa-folio-en-grafbeeld-le-couple-cest-le-ton-002-Small.jpg\" alt=\"octa folio en grafbeeld le couple cest le ton 002 (Small)\" width=\"272\" height=\"363\" srcset=\"https:\/\/johnspek.nl\/wp-content\/uploads\/2013\/07\/octa-folio-en-grafbeeld-le-couple-cest-le-ton-002-Small.jpg 360w, https:\/\/johnspek.nl\/wp-content\/uploads\/2013\/07\/octa-folio-en-grafbeeld-le-couple-cest-le-ton-002-Small-225x300.jpg 225w\" sizes=\"auto, (max-width: 272px) 100vw, 272px\" \/><\/td>\n<td valign=\"top\"><strong>Voyage d&rsquo;amour<\/strong><\/p>\n<p>Stoom slaat uit zijn handen,\u00a0zijn stem plet de plaat.<br \/>\nUit een vonkenregen sluit hij de naden.<br \/>\nHij weet hoe hij de donder verslaat.<br \/>\nEr verrijst een glimlach rond zijn mond,<br \/>\nals hij gewag maakt van een nooit eerder verbonden liefde in staal.<br \/>\nHij hamert de uren dicht\u00a0en praat tegen wat uit leegte ontstaat.<br \/>\nAls het onweer vlammend uit zijn handen overtrekt,<br \/>\ndooft het licht in de ramen.<br \/>\nJohn Spek signeert het werk\u00a0en geeft het dubbele namen.<br \/>\nStalen armen zoeken elkaar,<br \/>\nin de kringloop van tedere bewegingen.<br \/>\nAls het moment stilvalt\u00a0in een laatste pose<br \/>\nbegint de reis van liefde opnieuw,<br \/>\ntot de eenheid in volledige samensmelting is bereikt<br \/>\nin zijn Voyage d&rsquo;amour.<\/td>\n<\/tr>\n<tr>\n<td valign=\"top\" width=\"350\"><img loading=\"lazy\" decoding=\"async\" class=\"alignleft size-medium wp-image-558\" style=\"margin-right: 20px;\" src=\"http:\/\/johnspek.nl\/wp-content\/uploads\/2013\/07\/kleinplastiek-2008-014-Medium1-300x201.jpg\" alt=\"kleinplastiek 2008 014 (Medium)\" width=\"300\" height=\"201\" srcset=\"https:\/\/johnspek.nl\/wp-content\/uploads\/2013\/07\/kleinplastiek-2008-014-Medium1-300x201.jpg 300w, https:\/\/johnspek.nl\/wp-content\/uploads\/2013\/07\/kleinplastiek-2008-014-Medium1.jpg 800w\" sizes=\"auto, (max-width: 300px) 100vw, 300px\" \/><\/td>\n<td valign=\"top\"><strong>It Takes Two To Tango<\/strong><\/p>\n<p>IJzeren dame laat zich leiden<br \/>\ndoor haar poserende partner,<br \/>\ndie stappen vooruit wijst.<br \/>\nTot de muziek opnieuw inzet,<br \/>\nblijven deze twee<br \/>\nTot dans geklonken<\/td>\n<\/tr>\n<tr>\n<td valign=\"top\" width=\"350\"><img loading=\"lazy\" decoding=\"async\" class=\"alignleft size-medium wp-image-413\" style=\"margin-right: 20px;\" src=\"http:\/\/johnspek.nl\/wp-content\/uploads\/2013\/07\/expositie-Bogaard-Art-011-web-300x224.jpg\" alt=\"expositie Bogaard Art 011 web\" width=\"300\" height=\"224\" srcset=\"https:\/\/johnspek.nl\/wp-content\/uploads\/2013\/07\/expositie-Bogaard-Art-011-web-300x224.jpg 300w, https:\/\/johnspek.nl\/wp-content\/uploads\/2013\/07\/expositie-Bogaard-Art-011-web.jpg 448w\" sizes=\"auto, (max-width: 300px) 100vw, 300px\" \/><\/td>\n<td valign=\"top\"><strong>Lentepassen<\/strong><\/p>\n<p>Een maatveulen uit het eerste nest,<br \/>\nhuppelt en draaft hoog op voorjaarsbenen,<br \/>\nover een verbeelde weide van grasbeton.<br \/>\nDe ochtendmelodie uit bomen leidt in,<br \/>\neerste passen op onbekende vloer,<br \/>\nalleen<br \/>\nHet weet niet, dat men voor<br \/>\neen dans met meer moet zijn.<\/td>\n<\/tr>\n<tr>\n<td valign=\"top\" width=\"350\"><img loading=\"lazy\" decoding=\"async\" class=\"alignleft size-medium wp-image-424\" style=\"margin-right: 20px;\" src=\"http:\/\/johnspek.nl\/wp-content\/uploads\/2013\/07\/it-takes-two-to-tango-017-Small1-200x300.jpg\" alt=\"it takes two to tango 017 (Small)\" width=\"200\" height=\"300\" srcset=\"https:\/\/johnspek.nl\/wp-content\/uploads\/2013\/07\/it-takes-two-to-tango-017-Small1-200x300.jpg 200w, https:\/\/johnspek.nl\/wp-content\/uploads\/2013\/07\/it-takes-two-to-tango-017-Small1.jpg 321w\" sizes=\"auto, (max-width: 200px) 100vw, 200px\" \/><\/td>\n<td valign=\"top\"><strong>Passie<\/strong><\/p>\n<p>Zoals tijd langs links en rechts verglijdt,<br \/>\nverglijdt Liefde met die ene blik,<br \/>\nlangs jou en mij, houdt gescheiden,<br \/>\nwat niet tot eenheid geklonken, geschapen werd<br \/>\nGespleten tot de verbronzing, of de naadlas door staal.<br \/>\nHier schuift het licht alle tijd dicht,<br \/>\n\u00e0 fait compris<br \/>\nvlaggen harten met hun passie<br \/>\nworden twee meer dan \u00e9\u00e9n<br \/>\nin John Spek&rsquo;s handomdraai.<\/td>\n<\/tr>\n<tr>\n<td valign=\"top\" width=\"350\"><img loading=\"lazy\" decoding=\"async\" class=\"alignleft size-medium wp-image-553\" style=\"margin-right: 20px;\" src=\"http:\/\/johnspek.nl\/wp-content\/uploads\/2013\/07\/kleinplastiek-2008-2-037-Small1-200x300.jpg\" alt=\"kleinplastiek 2008 - 2 037 (Small)\" width=\"200\" height=\"300\" srcset=\"https:\/\/johnspek.nl\/wp-content\/uploads\/2013\/07\/kleinplastiek-2008-2-037-Small1-200x300.jpg 200w, https:\/\/johnspek.nl\/wp-content\/uploads\/2013\/07\/kleinplastiek-2008-2-037-Small1.jpg 321w\" sizes=\"auto, (max-width: 200px) 100vw, 200px\" \/><\/td>\n<td valign=\"top\"><strong>Sailing<\/strong><\/p>\n<p><span style=\"line-height: 19px;\">Jij gaf het woorden en metaforen<br \/>\n<\/span>voor wind in de zeilen<br \/>\nen een kalme zee mee<br \/>\nbeschreef land voorbij de horizon ,<br \/>\nen je voorzag het van sporen uit oude<br \/>\nen nieuwe vaart.<br \/>\nWij hoeven alleen maar aan boord te gaan<br \/>\nen van wal te steken<br \/>\nNieuw geluk staat reeds gepakt,<br \/>\nde ankers kunnen los,<br \/>\nwij zeilen een droom in.<\/td>\n<\/tr>\n<tr>\n<td valign=\"top\" width=\"350\"><img loading=\"lazy\" decoding=\"async\" class=\"alignnone  wp-image-662\" src=\"http:\/\/johnspek.nl\/wp-content\/uploads\/2013\/07\/Vleugels-van-Liefde-brons-2010.jpg\" alt=\"Vleugels van Liefde brons 2010\" width=\"203\" height=\"270\" \/><\/td>\n<td valign=\"top\"><strong>Vleugels van Liefde<\/strong><\/p>\n<p>Opnieuw verken ik grenzen<br \/>\nin het vagevuur van mijn bestaan.<br \/>\nMet kromme tenen, rood gelakte nagels<br \/>\nontsnapt uit de spelonk<br \/>\npakken wolken zich tot ridders.<br \/>\nDe hemeltrap waarlangs champagne stroomt,<br \/>\nde zee vult met nieuwe naakte waarheid.<br \/>\nCaramel smelt tussen haar borsten,<br \/>\nmaakt van heuvels bergen<br \/>\nen vult haar met vleugels van LIEFDE.<\/td>\n<\/tr>\n<tr>\n<td valign=\"top\" width=\"350\"><img loading=\"lazy\" decoding=\"async\" class=\"alignleft size-medium wp-image-427\" src=\"http:\/\/johnspek.nl\/wp-content\/uploads\/2013\/07\/DSC_0196-Small-200x300.jpg\" alt=\"DSC_0196 (Small)\" width=\"200\" height=\"300\" srcset=\"https:\/\/johnspek.nl\/wp-content\/uploads\/2013\/07\/DSC_0196-Small-200x300.jpg 200w, https:\/\/johnspek.nl\/wp-content\/uploads\/2013\/07\/DSC_0196-Small.jpg 321w\" sizes=\"auto, (max-width: 200px) 100vw, 200px\" \/><\/td>\n<td valign=\"top\"><strong>Gratie<\/strong><\/p>\n<p>O, Muze mijn, laat mij speelbal van mijn zinnen worden,<br \/>\nnu jouw schoonheid zich verder in mij ontvouwt,<br \/>\nAlle puurheid, die ik wil zien<br \/>\nontplooit zich in dit ene beeld,<br \/>\ndat uit \u00e9\u00e9n voet, zucht na zucht,<br \/>\nrondingen voltooit en zich bekent tussen bewondering<br \/>\nen verbijstering,<br \/>\nom zoveel gratie, zoveel moois,<br \/>\nblijft de verzuchting:<br \/>\nO, Muze, O, Gratie, mijn !<\/td>\n<\/tr>\n<tr>\n<td valign=\"top\" width=\"350\"><strong><img loading=\"lazy\" decoding=\"async\" class=\"alignleft size-medium wp-image-428\" style=\"margin-right: 20px;\" src=\"http:\/\/johnspek.nl\/wp-content\/uploads\/2013\/07\/pas-de-deux-contradictie-026-225x300.jpg\" alt=\"pas de deux-contradictie 026\" width=\"225\" height=\"300\" srcset=\"https:\/\/johnspek.nl\/wp-content\/uploads\/2013\/07\/pas-de-deux-contradictie-026-225x300.jpg 225w, https:\/\/johnspek.nl\/wp-content\/uploads\/2013\/07\/pas-de-deux-contradictie-026.jpg 240w\" sizes=\"auto, (max-width: 225px) 100vw, 225px\" \/><\/strong><\/td>\n<td valign=\"top\"><strong>Pas de Deux<\/strong><\/p>\n<p>Naar elkaar gebogen,<br \/>\nklopt iedere beweging<br \/>\nin hoofd, lijf en open rug.<br \/>\nWordt schaduw opgerold nog voor zijn ontstaan<br \/>\nen als tweede huid, elkaar aangetrokken.<br \/>\nLijnen worden ijler, verwisselen telkens van plaats<br \/>\ntot verlangens stollen in vrijages of nieuwe dans.<br \/>\nWaar de aanraking verbannen wordt en elke beweging<br \/>\nnog voor zijn ontstaan, door de ander is ge\u00efmiteerd,<br \/>\nwordt zelfs het vermoeden gerepliceerd,<br \/>\nLaat de een de nader niet ongemoeid.<br \/>\nEeneiig of spiegeldouble ?<\/td>\n<\/tr>\n<\/tbody>\n<\/table>\n","protected":false},"excerpt":{"rendered":"<p>In dit album treft u een aantal gedichten aan van de stadsdichter van Harderwijk Michel Martinus en van mijzelf die\u00a0geschreven zijn naar aanleiding van het ontstaan van een aantal sculpturen. Embrasse Geboren v\u00f3\u00f3r het licht, uit een zachte bries van Liefde, nooit was ik \u00e9\u00e9n, altijd alleen, toen droomde ik jou, jij mij tot wij elkaar in onze armen en dromen sloten, wij \u00e9\u00e9n in het landschap van nooit meer alleen. De omarming voltooid, in het opkomende licht van elke nieuwe dag, samen. Voyage d&rsquo;amour Stoom slaat uit zijn handen,\u00a0zijn stem plet de plaat. Uit een vonkenregen sluit hij de naden. Hij weet hoe hij de donder verslaat. Er verrijst een glimlach rond zijn mond, als hij gewag maakt van een nooit eerder verbonden liefde in staal. Hij hamert de uren dicht\u00a0en praat tegen wat uit leegte ontstaat. Als het onweer vlammend uit zijn handen overtrekt, dooft het licht in de ramen. John Spek signeert het werk\u00a0en geeft het dubbele namen. Stalen armen zoeken elkaar, in de kringloop van tedere bewegingen. Als het moment stilvalt\u00a0in een laatste pose begint de reis van liefde opnieuw, tot de eenheid in volledige samensmelting is bereikt in zijn Voyage d&rsquo;amour. It Takes Two To Tango IJzeren dame laat zich leiden door haar poserende partner, die stappen vooruit wijst. Tot de muziek opnieuw inzet, blijven deze twee Tot dans geklonken Lentepassen Een maatveulen uit het eerste nest, huppelt en draaft hoog op voorjaarsbenen, over een verbeelde weide van grasbeton. De ochtendmelodie uit bomen leidt in, eerste passen op onbekende vloer, alleen Het weet niet, dat men voor een dans met meer moet zijn. Passie Zoals tijd langs links en rechts verglijdt, verglijdt Liefde met die ene blik, langs jou en [&hellip;]<\/p>\n","protected":false},"author":1,"featured_media":0,"parent":0,"menu_order":0,"comment_status":"closed","ping_status":"closed","template":"100-width.php","meta":{"footnotes":""},"class_list":["post-618","page","type-page","status-publish","hentry"],"_links":{"self":[{"href":"https:\/\/johnspek.nl\/fr\/wp-json\/wp\/v2\/pages\/618","targetHints":{"allow":["GET"]}}],"collection":[{"href":"https:\/\/johnspek.nl\/fr\/wp-json\/wp\/v2\/pages"}],"about":[{"href":"https:\/\/johnspek.nl\/fr\/wp-json\/wp\/v2\/types\/page"}],"author":[{"embeddable":true,"href":"https:\/\/johnspek.nl\/fr\/wp-json\/wp\/v2\/users\/1"}],"replies":[{"embeddable":true,"href":"https:\/\/johnspek.nl\/fr\/wp-json\/wp\/v2\/comments?post=618"}],"version-history":[{"count":41,"href":"https:\/\/johnspek.nl\/fr\/wp-json\/wp\/v2\/pages\/618\/revisions"}],"predecessor-version":[{"id":714,"href":"https:\/\/johnspek.nl\/fr\/wp-json\/wp\/v2\/pages\/618\/revisions\/714"}],"wp:attachment":[{"href":"https:\/\/johnspek.nl\/fr\/wp-json\/wp\/v2\/media?parent=618"}],"curies":[{"name":"wp","href":"https:\/\/api.w.org\/{rel}","templated":true}]}}